{"id":119179,"date":"2025-10-17T11:24:35","date_gmt":"2025-10-17T08:24:35","guid":{"rendered":"https:\/\/tervisemuuseum.ee\/?page_id=119179"},"modified":"2025-10-25T22:24:38","modified_gmt":"2025-10-25T19:24:38","slug":"awholelotofhealth","status":"publish","type":"page","link":"https:\/\/tervisemuuseum.ee\/en\/haridus\/awholelotofhealth\/","title":{"rendered":"Collab project: A Whole Lot of Health"},"content":{"rendered":"","protected":false},"excerpt":{"rendered":"","protected":false},"author":3,"featured_media":0,"parent":1839,"menu_order":2,"comment_status":"closed","ping_status":"closed","template":"","meta":{"_acf_changed":false,"footnotes":""},"class_list":["post-119179","page","type-page","status-publish","hentry"],"acf":[],"yoast_head":"<!-- This site is optimized with the Yoast SEO plugin v27.4 - https:\/\/yoast.com\/product\/yoast-seo-wordpress\/ -->\n<title>Collab project: A Whole Lot of Health - Eesti Tervisemuuseum<\/title>\n<meta name=\"robots\" content=\"index, follow, max-snippet:-1, max-image-preview:large, max-video-preview:-1\" \/>\n<link rel=\"canonical\" href=\"https:\/\/tervisemuuseum.ee\/en\/haridus\/awholelotofhealth\/\" \/>\n<meta property=\"og:locale\" content=\"en_US\" \/>\n<meta property=\"og:type\" content=\"article\" \/>\n<meta property=\"og:title\" content=\"Rimi Estonia AS and the Estonian Health Museum\u2019s Health Program for Schools &quot;Healthy Health: Eat. Move. Rest. Connect.&quot;\" \/>\n<meta property=\"og:description\" content=\"The collaboration project between Estonian Health Museum and Rimi Estonia AS focuses on promoting a healthy lifestyle and balanced nutrition among children and young people. This is a comprehensive project with a strong focus on social responsibility, supported by private sector.\u00a0The travelling school exhibition, accompanied by comprehensive educational materials, will reach every county in Estonia outside of Tallinn and Harju County. Schools from Tallinn and Harju County can visit the museum and attend the lesson &quot;T3: Healthy Health through Food&quot; free of charge. The topics covered are also further expanded by the e-lesson series.The project will be ongoing in the 2025\/2026 academic year.\" \/>\n<meta property=\"og:url\" content=\"https:\/\/tervisemuuseum.ee\/en\/haridus\/awholelotofhealth\/\" \/>\n<meta property=\"og:site_name\" content=\"Eesti Tervisemuuseum\" \/>\n<meta property=\"article:modified_time\" content=\"2025-10-25T19:24:38+00:00\" \/>\n<meta property=\"og:image\" content=\"https:\/\/tervisemuuseum.ee\/wp-content\/uploads\/2025\/10\/terve-tervis-eng.jpg\" \/>\n\t<meta property=\"og:image:width\" content=\"2000\" \/>\n\t<meta property=\"og:image:height\" content=\"2248\" \/>\n\t<meta property=\"og:image:type\" content=\"image\/jpeg\" \/>\n<meta name=\"twitter:card\" content=\"summary_large_image\" \/>\n<meta name=\"twitter:label1\" content=\"Est. reading time\" \/>\n\t<meta name=\"twitter:data1\" content=\"14 minutes\" \/>\n<script type=\"application\/ld+json\" class=\"yoast-schema-graph\">{\"@context\":\"https:\\\/\\\/schema.org\",\"@graph\":[{\"@type\":\"WebPage\",\"@id\":\"https:\\\/\\\/tervisemuuseum.ee\\\/en\\\/haridus\\\/awholelotofhealth\\\/\",\"url\":\"https:\\\/\\\/tervisemuuseum.ee\\\/en\\\/haridus\\\/awholelotofhealth\\\/\",\"name\":\"Collab project: A Whole Lot of Health - Eesti Tervisemuuseum\",\"isPartOf\":{\"@id\":\"https:\\\/\\\/tervisemuuseum.ee\\\/en\\\/#website\"},\"datePublished\":\"2025-10-17T08:24:35+00:00\",\"dateModified\":\"2025-10-25T19:24:38+00:00\",\"breadcrumb\":{\"@id\":\"https:\\\/\\\/tervisemuuseum.ee\\\/en\\\/haridus\\\/awholelotofhealth\\\/#breadcrumb\"},\"inLanguage\":\"en-US\",\"potentialAction\":[{\"@type\":\"ReadAction\",\"target\":[\"https:\\\/\\\/tervisemuuseum.ee\\\/en\\\/haridus\\\/awholelotofhealth\\\/\"]}]},{\"@type\":\"BreadcrumbList\",\"@id\":\"https:\\\/\\\/tervisemuuseum.ee\\\/en\\\/haridus\\\/awholelotofhealth\\\/#breadcrumb\",\"itemListElement\":[{\"@type\":\"ListItem\",\"position\":1,\"name\":\"Home\",\"item\":\"https:\\\/\\\/tervisemuuseum.ee\\\/en\\\/\"},{\"@type\":\"ListItem\",\"position\":2,\"name\":\"Education\",\"item\":\"https:\\\/\\\/tervisemuuseum.ee\\\/en\\\/haridus\\\/\"},{\"@type\":\"ListItem\",\"position\":3,\"name\":\"Collab project: A Whole Lot of Health\"}]},{\"@type\":\"WebSite\",\"@id\":\"https:\\\/\\\/tervisemuuseum.ee\\\/en\\\/#website\",\"url\":\"https:\\\/\\\/tervisemuuseum.ee\\\/en\\\/\",\"name\":\"Eesti Tervisemuuseum\",\"description\":\"Eesti Tervisemuuseum Tallinna vanalinnas aitab suurel ja v\u00e4ikesel k\u00fclastajal tundma \u00f5ppida oma keha ja selle toimimist ning seel\u00e4bi p\u00fcsida tervema, r\u00f5\u00f5msama ja \u00f5nnelikumana.\",\"potentialAction\":[{\"@type\":\"SearchAction\",\"target\":{\"@type\":\"EntryPoint\",\"urlTemplate\":\"https:\\\/\\\/tervisemuuseum.ee\\\/en\\\/?s={search_term_string}\"},\"query-input\":{\"@type\":\"PropertyValueSpecification\",\"valueRequired\":true,\"valueName\":\"search_term_string\"}}],\"inLanguage\":\"en-US\"}]}<\/script>\n<!-- \/ Yoast SEO plugin. -->","yoast_head_json":{"title":"Collab project: A Whole Lot of Health - Eesti Tervisemuuseum","robots":{"index":"index","follow":"follow","max-snippet":"max-snippet:-1","max-image-preview":"max-image-preview:large","max-video-preview":"max-video-preview:-1"},"canonical":"https:\/\/tervisemuuseum.ee\/en\/haridus\/awholelotofhealth\/","og_locale":"en_US","og_type":"article","og_title":"Rimi Estonia AS and the Estonian Health Museum\u2019s Health Program for Schools \"Healthy Health: Eat. Move. Rest. Connect.\"","og_description":"The collaboration project between Estonian Health Museum and Rimi Estonia AS focuses on promoting a healthy lifestyle and balanced nutrition among children and young people. This is a comprehensive project with a strong focus on social responsibility, supported by private sector.\u00a0The travelling school exhibition, accompanied by comprehensive educational materials, will reach every county in Estonia outside of Tallinn and Harju County. Schools from Tallinn and Harju County can visit the museum and attend the lesson \"T3: Healthy Health through Food\" free of charge. The topics covered are also further expanded by the e-lesson series.The project will be ongoing in the 2025\/2026 academic year.","og_url":"https:\/\/tervisemuuseum.ee\/en\/haridus\/awholelotofhealth\/","og_site_name":"Eesti Tervisemuuseum","article_modified_time":"2025-10-25T19:24:38+00:00","og_image":[{"width":2000,"height":2248,"url":"https:\/\/tervisemuuseum.ee\/wp-content\/uploads\/2025\/10\/terve-tervis-eng.jpg","type":"image\/jpeg"}],"twitter_card":"summary_large_image","twitter_misc":{"Est. reading time":"14 minutes"},"schema":{"@context":"https:\/\/schema.org","@graph":[{"@type":"WebPage","@id":"https:\/\/tervisemuuseum.ee\/en\/haridus\/awholelotofhealth\/","url":"https:\/\/tervisemuuseum.ee\/en\/haridus\/awholelotofhealth\/","name":"Collab project: A Whole Lot of Health - Eesti Tervisemuuseum","isPartOf":{"@id":"https:\/\/tervisemuuseum.ee\/en\/#website"},"datePublished":"2025-10-17T08:24:35+00:00","dateModified":"2025-10-25T19:24:38+00:00","breadcrumb":{"@id":"https:\/\/tervisemuuseum.ee\/en\/haridus\/awholelotofhealth\/#breadcrumb"},"inLanguage":"en-US","potentialAction":[{"@type":"ReadAction","target":["https:\/\/tervisemuuseum.ee\/en\/haridus\/awholelotofhealth\/"]}]},{"@type":"BreadcrumbList","@id":"https:\/\/tervisemuuseum.ee\/en\/haridus\/awholelotofhealth\/#breadcrumb","itemListElement":[{"@type":"ListItem","position":1,"name":"Home","item":"https:\/\/tervisemuuseum.ee\/en\/"},{"@type":"ListItem","position":2,"name":"Education","item":"https:\/\/tervisemuuseum.ee\/en\/haridus\/"},{"@type":"ListItem","position":3,"name":"Collab project: A Whole Lot of Health"}]},{"@type":"WebSite","@id":"https:\/\/tervisemuuseum.ee\/en\/#website","url":"https:\/\/tervisemuuseum.ee\/en\/","name":"Eesti Tervisemuuseum","description":"Eesti Tervisemuuseum Tallinna vanalinnas aitab suurel ja v\u00e4ikesel k\u00fclastajal tundma \u00f5ppida oma keha ja selle toimimist ning seel\u00e4bi p\u00fcsida tervema, r\u00f5\u00f5msama ja \u00f5nnelikumana.","potentialAction":[{"@type":"SearchAction","target":{"@type":"EntryPoint","urlTemplate":"https:\/\/tervisemuuseum.ee\/en\/?s={search_term_string}"},"query-input":{"@type":"PropertyValueSpecification","valueRequired":true,"valueName":"search_term_string"}}],"inLanguage":"en-US"}]}},"_links":{"self":[{"href":"https:\/\/tervisemuuseum.ee\/en\/wp-json\/wp\/v2\/pages\/119179","targetHints":{"allow":["GET"]}}],"collection":[{"href":"https:\/\/tervisemuuseum.ee\/en\/wp-json\/wp\/v2\/pages"}],"about":[{"href":"https:\/\/tervisemuuseum.ee\/en\/wp-json\/wp\/v2\/types\/page"}],"author":[{"embeddable":true,"href":"https:\/\/tervisemuuseum.ee\/en\/wp-json\/wp\/v2\/users\/3"}],"replies":[{"embeddable":true,"href":"https:\/\/tervisemuuseum.ee\/en\/wp-json\/wp\/v2\/comments?post=119179"}],"version-history":[{"count":21,"href":"https:\/\/tervisemuuseum.ee\/en\/wp-json\/wp\/v2\/pages\/119179\/revisions"}],"predecessor-version":[{"id":119814,"href":"https:\/\/tervisemuuseum.ee\/en\/wp-json\/wp\/v2\/pages\/119179\/revisions\/119814"}],"up":[{"embeddable":true,"href":"https:\/\/tervisemuuseum.ee\/en\/wp-json\/wp\/v2\/pages\/1839"}],"wp:attachment":[{"href":"https:\/\/tervisemuuseum.ee\/en\/wp-json\/wp\/v2\/media?parent=119179"}],"curies":[{"name":"wp","href":"https:\/\/api.w.org\/{rel}","templated":true}]}}