{"id":1359,"date":"2020-05-18T07:05:16","date_gmt":"2020-05-18T04:05:16","guid":{"rendered":"https:\/\/tervisemuuseum.ee\/kulastusinfo\/piletid\/"},"modified":"2024-10-18T17:06:54","modified_gmt":"2024-10-18T14:06:54","slug":"piletid","status":"publish","type":"page","link":"https:\/\/tervisemuuseum.ee\/en\/kulastusinfo\/piletid\/","title":{"rendered":"Tickets"},"content":{"rendered":"","protected":false},"excerpt":{"rendered":"","protected":false},"author":1,"featured_media":0,"parent":1355,"menu_order":1,"comment_status":"closed","ping_status":"closed","template":"","meta":{"_acf_changed":false,"footnotes":""},"class_list":["post-1359","page","type-page","status-publish","hentry"],"acf":[],"yoast_head":"<!-- This site is optimized with the Yoast SEO plugin v27.4 - https:\/\/yoast.com\/product\/yoast-seo-wordpress\/ -->\n<title>Tickets - Eesti Tervisemuuseum<\/title>\n<meta name=\"robots\" content=\"index, follow, max-snippet:-1, max-image-preview:large, max-video-preview:-1\" \/>\n<link rel=\"canonical\" href=\"https:\/\/tervisemuuseum.ee\/en\/kulastusinfo\/piletid\/\" \/>\n<meta property=\"og:locale\" content=\"en_US\" \/>\n<meta property=\"og:type\" content=\"article\" \/>\n<meta property=\"og:title\" content=\"Tickets - Eesti Tervisemuuseum\" \/>\n<meta property=\"og:url\" content=\"https:\/\/tervisemuuseum.ee\/en\/kulastusinfo\/piletid\/\" \/>\n<meta property=\"og:site_name\" content=\"Eesti Tervisemuuseum\" \/>\n<meta property=\"article:modified_time\" content=\"2024-10-18T14:06:54+00:00\" \/>\n<meta name=\"twitter:card\" content=\"summary_large_image\" \/>\n<meta name=\"twitter:label1\" content=\"Est. reading time\" \/>\n\t<meta name=\"twitter:data1\" content=\"1 minute\" \/>\n<script type=\"application\/ld+json\" class=\"yoast-schema-graph\">{\"@context\":\"https:\\\/\\\/schema.org\",\"@graph\":[{\"@type\":\"WebPage\",\"@id\":\"https:\\\/\\\/tervisemuuseum.ee\\\/en\\\/kulastusinfo\\\/piletid\\\/\",\"url\":\"https:\\\/\\\/tervisemuuseum.ee\\\/en\\\/kulastusinfo\\\/piletid\\\/\",\"name\":\"Tickets - Eesti Tervisemuuseum\",\"isPartOf\":{\"@id\":\"https:\\\/\\\/tervisemuuseum.ee\\\/en\\\/#website\"},\"datePublished\":\"2020-05-18T04:05:16+00:00\",\"dateModified\":\"2024-10-18T14:06:54+00:00\",\"breadcrumb\":{\"@id\":\"https:\\\/\\\/tervisemuuseum.ee\\\/en\\\/kulastusinfo\\\/piletid\\\/#breadcrumb\"},\"inLanguage\":\"en-US\",\"potentialAction\":[{\"@type\":\"ReadAction\",\"target\":[\"https:\\\/\\\/tervisemuuseum.ee\\\/en\\\/kulastusinfo\\\/piletid\\\/\"]}]},{\"@type\":\"BreadcrumbList\",\"@id\":\"https:\\\/\\\/tervisemuuseum.ee\\\/en\\\/kulastusinfo\\\/piletid\\\/#breadcrumb\",\"itemListElement\":[{\"@type\":\"ListItem\",\"position\":1,\"name\":\"Home\",\"item\":\"https:\\\/\\\/tervisemuuseum.ee\\\/en\\\/\"},{\"@type\":\"ListItem\",\"position\":2,\"name\":\"Visitors\",\"item\":\"https:\\\/\\\/tervisemuuseum.ee\\\/en\\\/kulastusinfo\\\/\"},{\"@type\":\"ListItem\",\"position\":3,\"name\":\"Tickets\"}]},{\"@type\":\"WebSite\",\"@id\":\"https:\\\/\\\/tervisemuuseum.ee\\\/en\\\/#website\",\"url\":\"https:\\\/\\\/tervisemuuseum.ee\\\/en\\\/\",\"name\":\"Eesti Tervisemuuseum\",\"description\":\"Eesti Tervisemuuseum Tallinna vanalinnas aitab suurel ja v\u00e4ikesel k\u00fclastajal tundma \u00f5ppida oma keha ja selle toimimist ning seel\u00e4bi p\u00fcsida tervema, r\u00f5\u00f5msama ja \u00f5nnelikumana.\",\"potentialAction\":[{\"@type\":\"SearchAction\",\"target\":{\"@type\":\"EntryPoint\",\"urlTemplate\":\"https:\\\/\\\/tervisemuuseum.ee\\\/en\\\/?s={search_term_string}\"},\"query-input\":{\"@type\":\"PropertyValueSpecification\",\"valueRequired\":true,\"valueName\":\"search_term_string\"}}],\"inLanguage\":\"en-US\"}]}<\/script>\n<!-- \/ Yoast SEO plugin. -->","yoast_head_json":{"title":"Tickets - Eesti Tervisemuuseum","robots":{"index":"index","follow":"follow","max-snippet":"max-snippet:-1","max-image-preview":"max-image-preview:large","max-video-preview":"max-video-preview:-1"},"canonical":"https:\/\/tervisemuuseum.ee\/en\/kulastusinfo\/piletid\/","og_locale":"en_US","og_type":"article","og_title":"Tickets - Eesti Tervisemuuseum","og_url":"https:\/\/tervisemuuseum.ee\/en\/kulastusinfo\/piletid\/","og_site_name":"Eesti Tervisemuuseum","article_modified_time":"2024-10-18T14:06:54+00:00","twitter_card":"summary_large_image","twitter_misc":{"Est. reading time":"1 minute"},"schema":{"@context":"https:\/\/schema.org","@graph":[{"@type":"WebPage","@id":"https:\/\/tervisemuuseum.ee\/en\/kulastusinfo\/piletid\/","url":"https:\/\/tervisemuuseum.ee\/en\/kulastusinfo\/piletid\/","name":"Tickets - Eesti Tervisemuuseum","isPartOf":{"@id":"https:\/\/tervisemuuseum.ee\/en\/#website"},"datePublished":"2020-05-18T04:05:16+00:00","dateModified":"2024-10-18T14:06:54+00:00","breadcrumb":{"@id":"https:\/\/tervisemuuseum.ee\/en\/kulastusinfo\/piletid\/#breadcrumb"},"inLanguage":"en-US","potentialAction":[{"@type":"ReadAction","target":["https:\/\/tervisemuuseum.ee\/en\/kulastusinfo\/piletid\/"]}]},{"@type":"BreadcrumbList","@id":"https:\/\/tervisemuuseum.ee\/en\/kulastusinfo\/piletid\/#breadcrumb","itemListElement":[{"@type":"ListItem","position":1,"name":"Home","item":"https:\/\/tervisemuuseum.ee\/en\/"},{"@type":"ListItem","position":2,"name":"Visitors","item":"https:\/\/tervisemuuseum.ee\/en\/kulastusinfo\/"},{"@type":"ListItem","position":3,"name":"Tickets"}]},{"@type":"WebSite","@id":"https:\/\/tervisemuuseum.ee\/en\/#website","url":"https:\/\/tervisemuuseum.ee\/en\/","name":"Eesti Tervisemuuseum","description":"Eesti Tervisemuuseum Tallinna vanalinnas aitab suurel ja v\u00e4ikesel k\u00fclastajal tundma \u00f5ppida oma keha ja selle toimimist ning seel\u00e4bi p\u00fcsida tervema, r\u00f5\u00f5msama ja \u00f5nnelikumana.","potentialAction":[{"@type":"SearchAction","target":{"@type":"EntryPoint","urlTemplate":"https:\/\/tervisemuuseum.ee\/en\/?s={search_term_string}"},"query-input":{"@type":"PropertyValueSpecification","valueRequired":true,"valueName":"search_term_string"}}],"inLanguage":"en-US"}]}},"_links":{"self":[{"href":"https:\/\/tervisemuuseum.ee\/en\/wp-json\/wp\/v2\/pages\/1359","targetHints":{"allow":["GET"]}}],"collection":[{"href":"https:\/\/tervisemuuseum.ee\/en\/wp-json\/wp\/v2\/pages"}],"about":[{"href":"https:\/\/tervisemuuseum.ee\/en\/wp-json\/wp\/v2\/types\/page"}],"author":[{"embeddable":true,"href":"https:\/\/tervisemuuseum.ee\/en\/wp-json\/wp\/v2\/users\/1"}],"replies":[{"embeddable":true,"href":"https:\/\/tervisemuuseum.ee\/en\/wp-json\/wp\/v2\/comments?post=1359"}],"version-history":[{"count":13,"href":"https:\/\/tervisemuuseum.ee\/en\/wp-json\/wp\/v2\/pages\/1359\/revisions"}],"predecessor-version":[{"id":70756,"href":"https:\/\/tervisemuuseum.ee\/en\/wp-json\/wp\/v2\/pages\/1359\/revisions\/70756"}],"up":[{"embeddable":true,"href":"https:\/\/tervisemuuseum.ee\/en\/wp-json\/wp\/v2\/pages\/1355"}],"wp:attachment":[{"href":"https:\/\/tervisemuuseum.ee\/en\/wp-json\/wp\/v2\/media?parent=1359"}],"curies":[{"name":"wp","href":"https:\/\/api.w.org\/{rel}","templated":true}]}}