{"id":1893,"date":"2020-11-04T17:17:25","date_gmt":"2020-11-04T15:17:25","guid":{"rendered":"https:\/\/tervisemuuseum.ee\/?page_id=1893"},"modified":"2020-11-04T17:17:58","modified_gmt":"2020-11-04T15:17:58","slug":"book-a-visit","status":"publish","type":"page","link":"https:\/\/tervisemuuseum.ee\/en\/kulastusinfo\/book-a-visit\/","title":{"rendered":"Book a visit"},"content":{"rendered":"","protected":false},"excerpt":{"rendered":"","protected":false},"author":3,"featured_media":0,"parent":1355,"menu_order":6,"comment_status":"closed","ping_status":"closed","template":"","meta":{"_acf_changed":false,"footnotes":""},"class_list":["post-1893","page","type-page","status-publish","hentry"],"acf":[],"yoast_head":"<!-- This site is optimized with the Yoast SEO plugin v27.4 - https:\/\/yoast.com\/product\/yoast-seo-wordpress\/ -->\n<title>Book a visit - Eesti Tervisemuuseum<\/title>\n<meta name=\"robots\" content=\"index, follow, max-snippet:-1, max-image-preview:large, max-video-preview:-1\" \/>\n<link rel=\"canonical\" href=\"https:\/\/tervisemuuseum.ee\/en\/kulastusinfo\/book-a-visit\/\" \/>\n<meta property=\"og:locale\" content=\"en_US\" \/>\n<meta property=\"og:type\" content=\"article\" \/>\n<meta property=\"og:title\" content=\"Book a visit - Eesti Tervisemuuseum\" \/>\n<meta property=\"og:url\" content=\"https:\/\/tervisemuuseum.ee\/en\/kulastusinfo\/book-a-visit\/\" \/>\n<meta property=\"og:site_name\" content=\"Eesti Tervisemuuseum\" \/>\n<meta property=\"article:modified_time\" content=\"2020-11-04T15:17:58+00:00\" \/>\n<meta name=\"twitter:card\" content=\"summary_large_image\" \/>\n<script type=\"application\/ld+json\" class=\"yoast-schema-graph\">{\"@context\":\"https:\\\/\\\/schema.org\",\"@graph\":[{\"@type\":\"WebPage\",\"@id\":\"https:\\\/\\\/tervisemuuseum.ee\\\/en\\\/kulastusinfo\\\/book-a-visit\\\/\",\"url\":\"https:\\\/\\\/tervisemuuseum.ee\\\/en\\\/kulastusinfo\\\/book-a-visit\\\/\",\"name\":\"Book a visit - Eesti Tervisemuuseum\",\"isPartOf\":{\"@id\":\"https:\\\/\\\/tervisemuuseum.ee\\\/en\\\/#website\"},\"datePublished\":\"2020-11-04T15:17:25+00:00\",\"dateModified\":\"2020-11-04T15:17:58+00:00\",\"breadcrumb\":{\"@id\":\"https:\\\/\\\/tervisemuuseum.ee\\\/en\\\/kulastusinfo\\\/book-a-visit\\\/#breadcrumb\"},\"inLanguage\":\"en-US\",\"potentialAction\":[{\"@type\":\"ReadAction\",\"target\":[\"https:\\\/\\\/tervisemuuseum.ee\\\/en\\\/kulastusinfo\\\/book-a-visit\\\/\"]}]},{\"@type\":\"BreadcrumbList\",\"@id\":\"https:\\\/\\\/tervisemuuseum.ee\\\/en\\\/kulastusinfo\\\/book-a-visit\\\/#breadcrumb\",\"itemListElement\":[{\"@type\":\"ListItem\",\"position\":1,\"name\":\"Home\",\"item\":\"https:\\\/\\\/tervisemuuseum.ee\\\/en\\\/\"},{\"@type\":\"ListItem\",\"position\":2,\"name\":\"Visitors\",\"item\":\"https:\\\/\\\/tervisemuuseum.ee\\\/en\\\/kulastusinfo\\\/\"},{\"@type\":\"ListItem\",\"position\":3,\"name\":\"Book a visit\"}]},{\"@type\":\"WebSite\",\"@id\":\"https:\\\/\\\/tervisemuuseum.ee\\\/en\\\/#website\",\"url\":\"https:\\\/\\\/tervisemuuseum.ee\\\/en\\\/\",\"name\":\"Eesti Tervisemuuseum\",\"description\":\"Eesti Tervisemuuseum Tallinna vanalinnas aitab suurel ja v\u00e4ikesel k\u00fclastajal tundma \u00f5ppida oma keha ja selle toimimist ning seel\u00e4bi p\u00fcsida tervema, r\u00f5\u00f5msama ja \u00f5nnelikumana.\",\"potentialAction\":[{\"@type\":\"SearchAction\",\"target\":{\"@type\":\"EntryPoint\",\"urlTemplate\":\"https:\\\/\\\/tervisemuuseum.ee\\\/en\\\/?s={search_term_string}\"},\"query-input\":{\"@type\":\"PropertyValueSpecification\",\"valueRequired\":true,\"valueName\":\"search_term_string\"}}],\"inLanguage\":\"en-US\"}]}<\/script>\n<!-- \/ Yoast SEO plugin. -->","yoast_head_json":{"title":"Book a visit - Eesti Tervisemuuseum","robots":{"index":"index","follow":"follow","max-snippet":"max-snippet:-1","max-image-preview":"max-image-preview:large","max-video-preview":"max-video-preview:-1"},"canonical":"https:\/\/tervisemuuseum.ee\/en\/kulastusinfo\/book-a-visit\/","og_locale":"en_US","og_type":"article","og_title":"Book a visit - Eesti Tervisemuuseum","og_url":"https:\/\/tervisemuuseum.ee\/en\/kulastusinfo\/book-a-visit\/","og_site_name":"Eesti Tervisemuuseum","article_modified_time":"2020-11-04T15:17:58+00:00","twitter_card":"summary_large_image","schema":{"@context":"https:\/\/schema.org","@graph":[{"@type":"WebPage","@id":"https:\/\/tervisemuuseum.ee\/en\/kulastusinfo\/book-a-visit\/","url":"https:\/\/tervisemuuseum.ee\/en\/kulastusinfo\/book-a-visit\/","name":"Book a visit - Eesti Tervisemuuseum","isPartOf":{"@id":"https:\/\/tervisemuuseum.ee\/en\/#website"},"datePublished":"2020-11-04T15:17:25+00:00","dateModified":"2020-11-04T15:17:58+00:00","breadcrumb":{"@id":"https:\/\/tervisemuuseum.ee\/en\/kulastusinfo\/book-a-visit\/#breadcrumb"},"inLanguage":"en-US","potentialAction":[{"@type":"ReadAction","target":["https:\/\/tervisemuuseum.ee\/en\/kulastusinfo\/book-a-visit\/"]}]},{"@type":"BreadcrumbList","@id":"https:\/\/tervisemuuseum.ee\/en\/kulastusinfo\/book-a-visit\/#breadcrumb","itemListElement":[{"@type":"ListItem","position":1,"name":"Home","item":"https:\/\/tervisemuuseum.ee\/en\/"},{"@type":"ListItem","position":2,"name":"Visitors","item":"https:\/\/tervisemuuseum.ee\/en\/kulastusinfo\/"},{"@type":"ListItem","position":3,"name":"Book a visit"}]},{"@type":"WebSite","@id":"https:\/\/tervisemuuseum.ee\/en\/#website","url":"https:\/\/tervisemuuseum.ee\/en\/","name":"Eesti Tervisemuuseum","description":"Eesti Tervisemuuseum Tallinna vanalinnas aitab suurel ja v\u00e4ikesel k\u00fclastajal tundma \u00f5ppida oma keha ja selle toimimist ning seel\u00e4bi p\u00fcsida tervema, r\u00f5\u00f5msama ja \u00f5nnelikumana.","potentialAction":[{"@type":"SearchAction","target":{"@type":"EntryPoint","urlTemplate":"https:\/\/tervisemuuseum.ee\/en\/?s={search_term_string}"},"query-input":{"@type":"PropertyValueSpecification","valueRequired":true,"valueName":"search_term_string"}}],"inLanguage":"en-US"}]}},"_links":{"self":[{"href":"https:\/\/tervisemuuseum.ee\/en\/wp-json\/wp\/v2\/pages\/1893","targetHints":{"allow":["GET"]}}],"collection":[{"href":"https:\/\/tervisemuuseum.ee\/en\/wp-json\/wp\/v2\/pages"}],"about":[{"href":"https:\/\/tervisemuuseum.ee\/en\/wp-json\/wp\/v2\/types\/page"}],"author":[{"embeddable":true,"href":"https:\/\/tervisemuuseum.ee\/en\/wp-json\/wp\/v2\/users\/3"}],"replies":[{"embeddable":true,"href":"https:\/\/tervisemuuseum.ee\/en\/wp-json\/wp\/v2\/comments?post=1893"}],"version-history":[{"count":1,"href":"https:\/\/tervisemuuseum.ee\/en\/wp-json\/wp\/v2\/pages\/1893\/revisions"}],"predecessor-version":[{"id":1894,"href":"https:\/\/tervisemuuseum.ee\/en\/wp-json\/wp\/v2\/pages\/1893\/revisions\/1894"}],"up":[{"embeddable":true,"href":"https:\/\/tervisemuuseum.ee\/en\/wp-json\/wp\/v2\/pages\/1355"}],"wp:attachment":[{"href":"https:\/\/tervisemuuseum.ee\/en\/wp-json\/wp\/v2\/media?parent=1893"}],"curies":[{"name":"wp","href":"https:\/\/api.w.org\/{rel}","templated":true}]}}