{"id":1946,"date":"2020-05-22T18:04:37","date_gmt":"2020-05-22T15:04:37","guid":{"rendered":"https:\/\/tervisemuuseum.ee\/exhibitions-and-collections\/meie-kogud\/"},"modified":"2025-09-22T09:29:12","modified_gmt":"2025-09-22T06:29:12","slug":"meie-kogud","status":"publish","type":"page","link":"https:\/\/tervisemuuseum.ee\/en\/exhibitions-and-collections\/meie-kogud\/","title":{"rendered":"Collections"},"content":{"rendered":"","protected":false},"excerpt":{"rendered":"","protected":false},"author":1,"featured_media":0,"parent":1670,"menu_order":9,"comment_status":"closed","ping_status":"closed","template":"","meta":{"_acf_changed":false,"footnotes":""},"class_list":["post-1946","page","type-page","status-publish","hentry"],"acf":[],"yoast_head":"<!-- This site is optimized with the Yoast SEO plugin v27.3 - https:\/\/yoast.com\/product\/yoast-seo-wordpress\/ -->\n<title>Collections - Eesti Tervisemuuseum<\/title>\n<meta name=\"robots\" content=\"index, follow, max-snippet:-1, max-image-preview:large, max-video-preview:-1\" \/>\n<link rel=\"canonical\" href=\"https:\/\/tervisemuuseum.ee\/en\/exhibitions-and-collections\/meie-kogud\/\" \/>\n<meta property=\"og:locale\" content=\"en_US\" \/>\n<meta property=\"og:type\" content=\"article\" \/>\n<meta property=\"og:title\" content=\"Collections - Eesti Tervisemuuseum\" \/>\n<meta property=\"og:url\" content=\"https:\/\/tervisemuuseum.ee\/en\/exhibitions-and-collections\/meie-kogud\/\" \/>\n<meta property=\"og:site_name\" content=\"Eesti Tervisemuuseum\" \/>\n<meta property=\"article:modified_time\" content=\"2025-09-22T06:29:12+00:00\" \/>\n<meta name=\"twitter:card\" content=\"summary_large_image\" \/>\n<meta name=\"twitter:label1\" content=\"Est. reading time\" \/>\n\t<meta name=\"twitter:data1\" content=\"3 minutes\" \/>\n<script type=\"application\/ld+json\" class=\"yoast-schema-graph\">{\"@context\":\"https:\\\/\\\/schema.org\",\"@graph\":[{\"@type\":\"WebPage\",\"@id\":\"https:\\\/\\\/tervisemuuseum.ee\\\/en\\\/exhibitions-and-collections\\\/meie-kogud\\\/\",\"url\":\"https:\\\/\\\/tervisemuuseum.ee\\\/en\\\/exhibitions-and-collections\\\/meie-kogud\\\/\",\"name\":\"Collections - Eesti Tervisemuuseum\",\"isPartOf\":{\"@id\":\"https:\\\/\\\/tervisemuuseum.ee\\\/en\\\/#website\"},\"datePublished\":\"2020-05-22T15:04:37+00:00\",\"dateModified\":\"2025-09-22T06:29:12+00:00\",\"breadcrumb\":{\"@id\":\"https:\\\/\\\/tervisemuuseum.ee\\\/en\\\/exhibitions-and-collections\\\/meie-kogud\\\/#breadcrumb\"},\"inLanguage\":\"en-US\",\"potentialAction\":[{\"@type\":\"ReadAction\",\"target\":[\"https:\\\/\\\/tervisemuuseum.ee\\\/en\\\/exhibitions-and-collections\\\/meie-kogud\\\/\"]}]},{\"@type\":\"BreadcrumbList\",\"@id\":\"https:\\\/\\\/tervisemuuseum.ee\\\/en\\\/exhibitions-and-collections\\\/meie-kogud\\\/#breadcrumb\",\"itemListElement\":[{\"@type\":\"ListItem\",\"position\":1,\"name\":\"Home\",\"item\":\"https:\\\/\\\/tervisemuuseum.ee\\\/en\\\/\"},{\"@type\":\"ListItem\",\"position\":2,\"name\":\"Exhibitions and collections\",\"item\":\"https:\\\/\\\/tervisemuuseum.ee\\\/en\\\/exhibitions-and-collections\\\/\"},{\"@type\":\"ListItem\",\"position\":3,\"name\":\"Collections\"}]},{\"@type\":\"WebSite\",\"@id\":\"https:\\\/\\\/tervisemuuseum.ee\\\/en\\\/#website\",\"url\":\"https:\\\/\\\/tervisemuuseum.ee\\\/en\\\/\",\"name\":\"Eesti Tervisemuuseum\",\"description\":\"Eesti Tervisemuuseum Tallinna vanalinnas aitab suurel ja v\u00e4ikesel k\u00fclastajal tundma \u00f5ppida oma keha ja selle toimimist ning seel\u00e4bi p\u00fcsida tervema, r\u00f5\u00f5msama ja \u00f5nnelikumana.\",\"potentialAction\":[{\"@type\":\"SearchAction\",\"target\":{\"@type\":\"EntryPoint\",\"urlTemplate\":\"https:\\\/\\\/tervisemuuseum.ee\\\/en\\\/?s={search_term_string}\"},\"query-input\":{\"@type\":\"PropertyValueSpecification\",\"valueRequired\":true,\"valueName\":\"search_term_string\"}}],\"inLanguage\":\"en-US\"}]}<\/script>\n<!-- \/ Yoast SEO plugin. -->","yoast_head_json":{"title":"Collections - Eesti Tervisemuuseum","robots":{"index":"index","follow":"follow","max-snippet":"max-snippet:-1","max-image-preview":"max-image-preview:large","max-video-preview":"max-video-preview:-1"},"canonical":"https:\/\/tervisemuuseum.ee\/en\/exhibitions-and-collections\/meie-kogud\/","og_locale":"en_US","og_type":"article","og_title":"Collections - Eesti Tervisemuuseum","og_url":"https:\/\/tervisemuuseum.ee\/en\/exhibitions-and-collections\/meie-kogud\/","og_site_name":"Eesti Tervisemuuseum","article_modified_time":"2025-09-22T06:29:12+00:00","twitter_card":"summary_large_image","twitter_misc":{"Est. reading time":"3 minutes"},"schema":{"@context":"https:\/\/schema.org","@graph":[{"@type":"WebPage","@id":"https:\/\/tervisemuuseum.ee\/en\/exhibitions-and-collections\/meie-kogud\/","url":"https:\/\/tervisemuuseum.ee\/en\/exhibitions-and-collections\/meie-kogud\/","name":"Collections - Eesti Tervisemuuseum","isPartOf":{"@id":"https:\/\/tervisemuuseum.ee\/en\/#website"},"datePublished":"2020-05-22T15:04:37+00:00","dateModified":"2025-09-22T06:29:12+00:00","breadcrumb":{"@id":"https:\/\/tervisemuuseum.ee\/en\/exhibitions-and-collections\/meie-kogud\/#breadcrumb"},"inLanguage":"en-US","potentialAction":[{"@type":"ReadAction","target":["https:\/\/tervisemuuseum.ee\/en\/exhibitions-and-collections\/meie-kogud\/"]}]},{"@type":"BreadcrumbList","@id":"https:\/\/tervisemuuseum.ee\/en\/exhibitions-and-collections\/meie-kogud\/#breadcrumb","itemListElement":[{"@type":"ListItem","position":1,"name":"Home","item":"https:\/\/tervisemuuseum.ee\/en\/"},{"@type":"ListItem","position":2,"name":"Exhibitions and collections","item":"https:\/\/tervisemuuseum.ee\/en\/exhibitions-and-collections\/"},{"@type":"ListItem","position":3,"name":"Collections"}]},{"@type":"WebSite","@id":"https:\/\/tervisemuuseum.ee\/en\/#website","url":"https:\/\/tervisemuuseum.ee\/en\/","name":"Eesti Tervisemuuseum","description":"Eesti Tervisemuuseum Tallinna vanalinnas aitab suurel ja v\u00e4ikesel k\u00fclastajal tundma \u00f5ppida oma keha ja selle toimimist ning seel\u00e4bi p\u00fcsida tervema, r\u00f5\u00f5msama ja \u00f5nnelikumana.","potentialAction":[{"@type":"SearchAction","target":{"@type":"EntryPoint","urlTemplate":"https:\/\/tervisemuuseum.ee\/en\/?s={search_term_string}"},"query-input":{"@type":"PropertyValueSpecification","valueRequired":true,"valueName":"search_term_string"}}],"inLanguage":"en-US"}]}},"_links":{"self":[{"href":"https:\/\/tervisemuuseum.ee\/en\/wp-json\/wp\/v2\/pages\/1946","targetHints":{"allow":["GET"]}}],"collection":[{"href":"https:\/\/tervisemuuseum.ee\/en\/wp-json\/wp\/v2\/pages"}],"about":[{"href":"https:\/\/tervisemuuseum.ee\/en\/wp-json\/wp\/v2\/types\/page"}],"author":[{"embeddable":true,"href":"https:\/\/tervisemuuseum.ee\/en\/wp-json\/wp\/v2\/users\/1"}],"replies":[{"embeddable":true,"href":"https:\/\/tervisemuuseum.ee\/en\/wp-json\/wp\/v2\/comments?post=1946"}],"version-history":[{"count":4,"href":"https:\/\/tervisemuuseum.ee\/en\/wp-json\/wp\/v2\/pages\/1946\/revisions"}],"predecessor-version":[{"id":117566,"href":"https:\/\/tervisemuuseum.ee\/en\/wp-json\/wp\/v2\/pages\/1946\/revisions\/117566"}],"up":[{"embeddable":true,"href":"https:\/\/tervisemuuseum.ee\/en\/wp-json\/wp\/v2\/pages\/1670"}],"wp:attachment":[{"href":"https:\/\/tervisemuuseum.ee\/en\/wp-json\/wp\/v2\/media?parent=1946"}],"curies":[{"name":"wp","href":"https:\/\/api.w.org\/{rel}","templated":true}]}}