{"id":1426,"date":"2020-05-18T07:06:26","date_gmt":"2020-05-18T04:06:26","guid":{"rendered":"https:\/\/tervisemuuseum.ee\/kulastusinfo\/gruppidele\/"},"modified":"2024-05-09T10:59:45","modified_gmt":"2024-05-09T07:59:45","slug":"gruppidele","status":"publish","type":"page","link":"https:\/\/tervisemuuseum.ee\/ru\/kulastusinfo\/gruppidele\/","title":{"rendered":"\u0413\u0440\u0443\u043f\u043f\u044b"},"content":{"rendered":"","protected":false},"excerpt":{"rendered":"","protected":false},"author":1,"featured_media":0,"parent":1344,"menu_order":7,"comment_status":"closed","ping_status":"closed","template":"","meta":{"_acf_changed":false,"footnotes":""},"class_list":["post-1426","page","type-page","status-publish","hentry"],"acf":[],"yoast_head":"<!-- This site is optimized with the Yoast SEO plugin v27.3 - https:\/\/yoast.com\/product\/yoast-seo-wordpress\/ -->\n<title>\u0413\u0440\u0443\u043f\u043f\u044b - Eesti Tervisemuuseum<\/title>\n<meta name=\"robots\" content=\"index, follow, max-snippet:-1, max-image-preview:large, max-video-preview:-1\" \/>\n<link rel=\"canonical\" href=\"https:\/\/tervisemuuseum.ee\/ru\/kulastusinfo\/gruppidele\/\" \/>\n<meta property=\"og:locale\" content=\"ru_RU\" \/>\n<meta property=\"og:type\" content=\"article\" \/>\n<meta property=\"og:title\" content=\"\u0413\u0440\u0443\u043f\u043f\u044b - Eesti Tervisemuuseum\" \/>\n<meta property=\"og:url\" content=\"https:\/\/tervisemuuseum.ee\/ru\/kulastusinfo\/gruppidele\/\" \/>\n<meta property=\"og:site_name\" content=\"Eesti Tervisemuuseum\" \/>\n<meta property=\"article:modified_time\" content=\"2024-05-09T07:59:45+00:00\" \/>\n<meta name=\"twitter:card\" content=\"summary_large_image\" \/>\n<meta name=\"twitter:label1\" content=\"\u041f\u0440\u0438\u043c\u0435\u0440\u043d\u043e\u0435 \u0432\u0440\u0435\u043c\u044f \u0434\u043b\u044f \u0447\u0442\u0435\u043d\u0438\u044f\" \/>\n\t<meta name=\"twitter:data1\" content=\"1 \u043c\u0438\u043d\u0443\u0442\u0430\" \/>\n<script type=\"application\/ld+json\" class=\"yoast-schema-graph\">{\"@context\":\"https:\\\/\\\/schema.org\",\"@graph\":[{\"@type\":\"WebPage\",\"@id\":\"https:\\\/\\\/tervisemuuseum.ee\\\/ru\\\/kulastusinfo\\\/gruppidele\\\/\",\"url\":\"https:\\\/\\\/tervisemuuseum.ee\\\/ru\\\/kulastusinfo\\\/gruppidele\\\/\",\"name\":\"\u0413\u0440\u0443\u043f\u043f\u044b - Eesti Tervisemuuseum\",\"isPartOf\":{\"@id\":\"https:\\\/\\\/tervisemuuseum.ee\\\/ru\\\/#website\"},\"datePublished\":\"2020-05-18T04:06:26+00:00\",\"dateModified\":\"2024-05-09T07:59:45+00:00\",\"breadcrumb\":{\"@id\":\"https:\\\/\\\/tervisemuuseum.ee\\\/ru\\\/kulastusinfo\\\/gruppidele\\\/#breadcrumb\"},\"inLanguage\":\"ru-RU\",\"potentialAction\":[{\"@type\":\"ReadAction\",\"target\":[\"https:\\\/\\\/tervisemuuseum.ee\\\/ru\\\/kulastusinfo\\\/gruppidele\\\/\"]}]},{\"@type\":\"BreadcrumbList\",\"@id\":\"https:\\\/\\\/tervisemuuseum.ee\\\/ru\\\/kulastusinfo\\\/gruppidele\\\/#breadcrumb\",\"itemListElement\":[{\"@type\":\"ListItem\",\"position\":1,\"name\":\"Home\",\"item\":\"https:\\\/\\\/tervisemuuseum.ee\\\/ru\\\/\"},{\"@type\":\"ListItem\",\"position\":2,\"name\":\"\u041f\u043e\u0441\u0435\u0442\u0438\u0442\u0435\u043b\u044f\u043c\",\"item\":\"https:\\\/\\\/tervisemuuseum.ee\\\/ru\\\/kulastusinfo\\\/\"},{\"@type\":\"ListItem\",\"position\":3,\"name\":\"\u0413\u0440\u0443\u043f\u043f\u044b\"}]},{\"@type\":\"WebSite\",\"@id\":\"https:\\\/\\\/tervisemuuseum.ee\\\/ru\\\/#website\",\"url\":\"https:\\\/\\\/tervisemuuseum.ee\\\/ru\\\/\",\"name\":\"Eesti Tervisemuuseum\",\"description\":\"Eesti Tervisemuuseum Tallinna vanalinnas aitab suurel ja v\u00e4ikesel k\u00fclastajal tundma \u00f5ppida oma keha ja selle toimimist ning seel\u00e4bi p\u00fcsida tervema, r\u00f5\u00f5msama ja \u00f5nnelikumana.\",\"potentialAction\":[{\"@type\":\"SearchAction\",\"target\":{\"@type\":\"EntryPoint\",\"urlTemplate\":\"https:\\\/\\\/tervisemuuseum.ee\\\/ru\\\/?s={search_term_string}\"},\"query-input\":{\"@type\":\"PropertyValueSpecification\",\"valueRequired\":true,\"valueName\":\"search_term_string\"}}],\"inLanguage\":\"ru-RU\"}]}<\/script>\n<!-- \/ Yoast SEO plugin. -->","yoast_head_json":{"title":"\u0413\u0440\u0443\u043f\u043f\u044b - Eesti Tervisemuuseum","robots":{"index":"index","follow":"follow","max-snippet":"max-snippet:-1","max-image-preview":"max-image-preview:large","max-video-preview":"max-video-preview:-1"},"canonical":"https:\/\/tervisemuuseum.ee\/ru\/kulastusinfo\/gruppidele\/","og_locale":"ru_RU","og_type":"article","og_title":"\u0413\u0440\u0443\u043f\u043f\u044b - Eesti Tervisemuuseum","og_url":"https:\/\/tervisemuuseum.ee\/ru\/kulastusinfo\/gruppidele\/","og_site_name":"Eesti Tervisemuuseum","article_modified_time":"2024-05-09T07:59:45+00:00","twitter_card":"summary_large_image","twitter_misc":{"\u041f\u0440\u0438\u043c\u0435\u0440\u043d\u043e\u0435 \u0432\u0440\u0435\u043c\u044f \u0434\u043b\u044f \u0447\u0442\u0435\u043d\u0438\u044f":"1 \u043c\u0438\u043d\u0443\u0442\u0430"},"schema":{"@context":"https:\/\/schema.org","@graph":[{"@type":"WebPage","@id":"https:\/\/tervisemuuseum.ee\/ru\/kulastusinfo\/gruppidele\/","url":"https:\/\/tervisemuuseum.ee\/ru\/kulastusinfo\/gruppidele\/","name":"\u0413\u0440\u0443\u043f\u043f\u044b - Eesti Tervisemuuseum","isPartOf":{"@id":"https:\/\/tervisemuuseum.ee\/ru\/#website"},"datePublished":"2020-05-18T04:06:26+00:00","dateModified":"2024-05-09T07:59:45+00:00","breadcrumb":{"@id":"https:\/\/tervisemuuseum.ee\/ru\/kulastusinfo\/gruppidele\/#breadcrumb"},"inLanguage":"ru-RU","potentialAction":[{"@type":"ReadAction","target":["https:\/\/tervisemuuseum.ee\/ru\/kulastusinfo\/gruppidele\/"]}]},{"@type":"BreadcrumbList","@id":"https:\/\/tervisemuuseum.ee\/ru\/kulastusinfo\/gruppidele\/#breadcrumb","itemListElement":[{"@type":"ListItem","position":1,"name":"Home","item":"https:\/\/tervisemuuseum.ee\/ru\/"},{"@type":"ListItem","position":2,"name":"\u041f\u043e\u0441\u0435\u0442\u0438\u0442\u0435\u043b\u044f\u043c","item":"https:\/\/tervisemuuseum.ee\/ru\/kulastusinfo\/"},{"@type":"ListItem","position":3,"name":"\u0413\u0440\u0443\u043f\u043f\u044b"}]},{"@type":"WebSite","@id":"https:\/\/tervisemuuseum.ee\/ru\/#website","url":"https:\/\/tervisemuuseum.ee\/ru\/","name":"Eesti Tervisemuuseum","description":"Eesti Tervisemuuseum Tallinna vanalinnas aitab suurel ja v\u00e4ikesel k\u00fclastajal tundma \u00f5ppida oma keha ja selle toimimist ning seel\u00e4bi p\u00fcsida tervema, r\u00f5\u00f5msama ja \u00f5nnelikumana.","potentialAction":[{"@type":"SearchAction","target":{"@type":"EntryPoint","urlTemplate":"https:\/\/tervisemuuseum.ee\/ru\/?s={search_term_string}"},"query-input":{"@type":"PropertyValueSpecification","valueRequired":true,"valueName":"search_term_string"}}],"inLanguage":"ru-RU"}]}},"_links":{"self":[{"href":"https:\/\/tervisemuuseum.ee\/ru\/wp-json\/wp\/v2\/pages\/1426","targetHints":{"allow":["GET"]}}],"collection":[{"href":"https:\/\/tervisemuuseum.ee\/ru\/wp-json\/wp\/v2\/pages"}],"about":[{"href":"https:\/\/tervisemuuseum.ee\/ru\/wp-json\/wp\/v2\/types\/page"}],"author":[{"embeddable":true,"href":"https:\/\/tervisemuuseum.ee\/ru\/wp-json\/wp\/v2\/users\/1"}],"replies":[{"embeddable":true,"href":"https:\/\/tervisemuuseum.ee\/ru\/wp-json\/wp\/v2\/comments?post=1426"}],"version-history":[{"count":4,"href":"https:\/\/tervisemuuseum.ee\/ru\/wp-json\/wp\/v2\/pages\/1426\/revisions"}],"predecessor-version":[{"id":46929,"href":"https:\/\/tervisemuuseum.ee\/ru\/wp-json\/wp\/v2\/pages\/1426\/revisions\/46929"}],"up":[{"embeddable":true,"href":"https:\/\/tervisemuuseum.ee\/ru\/wp-json\/wp\/v2\/pages\/1344"}],"wp:attachment":[{"href":"https:\/\/tervisemuuseum.ee\/ru\/wp-json\/wp\/v2\/media?parent=1426"}],"curies":[{"name":"wp","href":"https:\/\/api.w.org\/{rel}","templated":true}]}}