{"id":1692,"date":"2020-05-20T08:13:08","date_gmt":"2020-05-20T05:13:08","guid":{"rendered":"https:\/\/tervisemuuseum.ee\/teenused\/sunnipaevad\/"},"modified":"2023-09-19T10:32:01","modified_gmt":"2023-09-19T07:32:01","slug":"sunnipaevad","status":"publish","type":"page","link":"https:\/\/tervisemuuseum.ee\/ru\/teenused\/sunnipaevad\/","title":{"rendered":"\u0414\u043d\u0438 \u0440\u043e\u0436\u0434\u0435\u043d\u0438\u044f"},"content":{"rendered":"","protected":false},"excerpt":{"rendered":"","protected":false},"author":1,"featured_media":0,"parent":1684,"menu_order":14,"comment_status":"closed","ping_status":"closed","template":"views\/template-lessons.blade.php","meta":{"_acf_changed":false,"footnotes":""},"class_list":["post-1692","page","type-page","status-publish","hentry"],"acf":[],"yoast_head":"<!-- This site is optimized with the Yoast SEO plugin v27.3 - https:\/\/yoast.com\/product\/yoast-seo-wordpress\/ -->\n<title>\u0414\u043d\u0438 \u0440\u043e\u0436\u0434\u0435\u043d\u0438\u044f - Eesti Tervisemuuseum<\/title>\n<meta name=\"robots\" content=\"index, follow, max-snippet:-1, max-image-preview:large, max-video-preview:-1\" \/>\n<link rel=\"canonical\" href=\"https:\/\/tervisemuuseum.ee\/ru\/teenused\/sunnipaevad\/\" \/>\n<meta property=\"og:locale\" content=\"ru_RU\" \/>\n<meta property=\"og:type\" content=\"article\" \/>\n<meta property=\"og:title\" content=\"\u0414\u043d\u0438 \u0440\u043e\u0436\u0434\u0435\u043d\u0438\u044f - Eesti Tervisemuuseum\" \/>\n<meta property=\"og:url\" content=\"https:\/\/tervisemuuseum.ee\/ru\/teenused\/sunnipaevad\/\" \/>\n<meta property=\"og:site_name\" content=\"Eesti Tervisemuuseum\" \/>\n<meta property=\"article:modified_time\" content=\"2023-09-19T07:32:01+00:00\" \/>\n<meta name=\"twitter:card\" content=\"summary_large_image\" \/>\n<script type=\"application\/ld+json\" class=\"yoast-schema-graph\">{\"@context\":\"https:\\\/\\\/schema.org\",\"@graph\":[{\"@type\":\"WebPage\",\"@id\":\"https:\\\/\\\/tervisemuuseum.ee\\\/ru\\\/teenused\\\/sunnipaevad\\\/\",\"url\":\"https:\\\/\\\/tervisemuuseum.ee\\\/ru\\\/teenused\\\/sunnipaevad\\\/\",\"name\":\"\u0414\u043d\u0438 \u0440\u043e\u0436\u0434\u0435\u043d\u0438\u044f - Eesti Tervisemuuseum\",\"isPartOf\":{\"@id\":\"https:\\\/\\\/tervisemuuseum.ee\\\/ru\\\/#website\"},\"datePublished\":\"2020-05-20T05:13:08+00:00\",\"dateModified\":\"2023-09-19T07:32:01+00:00\",\"breadcrumb\":{\"@id\":\"https:\\\/\\\/tervisemuuseum.ee\\\/ru\\\/teenused\\\/sunnipaevad\\\/#breadcrumb\"},\"inLanguage\":\"ru-RU\",\"potentialAction\":[{\"@type\":\"ReadAction\",\"target\":[\"https:\\\/\\\/tervisemuuseum.ee\\\/ru\\\/teenused\\\/sunnipaevad\\\/\"]}]},{\"@type\":\"BreadcrumbList\",\"@id\":\"https:\\\/\\\/tervisemuuseum.ee\\\/ru\\\/teenused\\\/sunnipaevad\\\/#breadcrumb\",\"itemListElement\":[{\"@type\":\"ListItem\",\"position\":1,\"name\":\"Home\",\"item\":\"https:\\\/\\\/tervisemuuseum.ee\\\/ru\\\/\"},{\"@type\":\"ListItem\",\"position\":2,\"name\":\"\u0423\u0441\u043b\u0443\u0433\u0438\",\"item\":\"https:\\\/\\\/tervisemuuseum.ee\\\/ru\\\/teenused\\\/\"},{\"@type\":\"ListItem\",\"position\":3,\"name\":\"\u0414\u043d\u0438 \u0440\u043e\u0436\u0434\u0435\u043d\u0438\u044f\"}]},{\"@type\":\"WebSite\",\"@id\":\"https:\\\/\\\/tervisemuuseum.ee\\\/ru\\\/#website\",\"url\":\"https:\\\/\\\/tervisemuuseum.ee\\\/ru\\\/\",\"name\":\"Eesti Tervisemuuseum\",\"description\":\"Eesti Tervisemuuseum Tallinna vanalinnas aitab suurel ja v\u00e4ikesel k\u00fclastajal tundma \u00f5ppida oma keha ja selle toimimist ning seel\u00e4bi p\u00fcsida tervema, r\u00f5\u00f5msama ja \u00f5nnelikumana.\",\"potentialAction\":[{\"@type\":\"SearchAction\",\"target\":{\"@type\":\"EntryPoint\",\"urlTemplate\":\"https:\\\/\\\/tervisemuuseum.ee\\\/ru\\\/?s={search_term_string}\"},\"query-input\":{\"@type\":\"PropertyValueSpecification\",\"valueRequired\":true,\"valueName\":\"search_term_string\"}}],\"inLanguage\":\"ru-RU\"}]}<\/script>\n<!-- \/ Yoast SEO plugin. -->","yoast_head_json":{"title":"\u0414\u043d\u0438 \u0440\u043e\u0436\u0434\u0435\u043d\u0438\u044f - Eesti Tervisemuuseum","robots":{"index":"index","follow":"follow","max-snippet":"max-snippet:-1","max-image-preview":"max-image-preview:large","max-video-preview":"max-video-preview:-1"},"canonical":"https:\/\/tervisemuuseum.ee\/ru\/teenused\/sunnipaevad\/","og_locale":"ru_RU","og_type":"article","og_title":"\u0414\u043d\u0438 \u0440\u043e\u0436\u0434\u0435\u043d\u0438\u044f - Eesti Tervisemuuseum","og_url":"https:\/\/tervisemuuseum.ee\/ru\/teenused\/sunnipaevad\/","og_site_name":"Eesti Tervisemuuseum","article_modified_time":"2023-09-19T07:32:01+00:00","twitter_card":"summary_large_image","schema":{"@context":"https:\/\/schema.org","@graph":[{"@type":"WebPage","@id":"https:\/\/tervisemuuseum.ee\/ru\/teenused\/sunnipaevad\/","url":"https:\/\/tervisemuuseum.ee\/ru\/teenused\/sunnipaevad\/","name":"\u0414\u043d\u0438 \u0440\u043e\u0436\u0434\u0435\u043d\u0438\u044f - Eesti Tervisemuuseum","isPartOf":{"@id":"https:\/\/tervisemuuseum.ee\/ru\/#website"},"datePublished":"2020-05-20T05:13:08+00:00","dateModified":"2023-09-19T07:32:01+00:00","breadcrumb":{"@id":"https:\/\/tervisemuuseum.ee\/ru\/teenused\/sunnipaevad\/#breadcrumb"},"inLanguage":"ru-RU","potentialAction":[{"@type":"ReadAction","target":["https:\/\/tervisemuuseum.ee\/ru\/teenused\/sunnipaevad\/"]}]},{"@type":"BreadcrumbList","@id":"https:\/\/tervisemuuseum.ee\/ru\/teenused\/sunnipaevad\/#breadcrumb","itemListElement":[{"@type":"ListItem","position":1,"name":"Home","item":"https:\/\/tervisemuuseum.ee\/ru\/"},{"@type":"ListItem","position":2,"name":"\u0423\u0441\u043b\u0443\u0433\u0438","item":"https:\/\/tervisemuuseum.ee\/ru\/teenused\/"},{"@type":"ListItem","position":3,"name":"\u0414\u043d\u0438 \u0440\u043e\u0436\u0434\u0435\u043d\u0438\u044f"}]},{"@type":"WebSite","@id":"https:\/\/tervisemuuseum.ee\/ru\/#website","url":"https:\/\/tervisemuuseum.ee\/ru\/","name":"Eesti Tervisemuuseum","description":"Eesti Tervisemuuseum Tallinna vanalinnas aitab suurel ja v\u00e4ikesel k\u00fclastajal tundma \u00f5ppida oma keha ja selle toimimist ning seel\u00e4bi p\u00fcsida tervema, r\u00f5\u00f5msama ja \u00f5nnelikumana.","potentialAction":[{"@type":"SearchAction","target":{"@type":"EntryPoint","urlTemplate":"https:\/\/tervisemuuseum.ee\/ru\/?s={search_term_string}"},"query-input":{"@type":"PropertyValueSpecification","valueRequired":true,"valueName":"search_term_string"}}],"inLanguage":"ru-RU"}]}},"_links":{"self":[{"href":"https:\/\/tervisemuuseum.ee\/ru\/wp-json\/wp\/v2\/pages\/1692","targetHints":{"allow":["GET"]}}],"collection":[{"href":"https:\/\/tervisemuuseum.ee\/ru\/wp-json\/wp\/v2\/pages"}],"about":[{"href":"https:\/\/tervisemuuseum.ee\/ru\/wp-json\/wp\/v2\/types\/page"}],"author":[{"embeddable":true,"href":"https:\/\/tervisemuuseum.ee\/ru\/wp-json\/wp\/v2\/users\/1"}],"replies":[{"embeddable":true,"href":"https:\/\/tervisemuuseum.ee\/ru\/wp-json\/wp\/v2\/comments?post=1692"}],"version-history":[{"count":12,"href":"https:\/\/tervisemuuseum.ee\/ru\/wp-json\/wp\/v2\/pages\/1692\/revisions"}],"predecessor-version":[{"id":18656,"href":"https:\/\/tervisemuuseum.ee\/ru\/wp-json\/wp\/v2\/pages\/1692\/revisions\/18656"}],"up":[{"embeddable":true,"href":"https:\/\/tervisemuuseum.ee\/ru\/wp-json\/wp\/v2\/pages\/1684"}],"wp:attachment":[{"href":"https:\/\/tervisemuuseum.ee\/ru\/wp-json\/wp\/v2\/media?parent=1692"}],"curies":[{"name":"wp","href":"https:\/\/api.w.org\/{rel}","templated":true}]}}