{"id":1932,"date":"2020-05-22T18:04:55","date_gmt":"2020-05-22T15:04:55","guid":{"rendered":"https:\/\/tervisemuuseum.ee\/naitused\/meie-kogud\/mida-kogume\/"},"modified":"2020-11-06T20:38:34","modified_gmt":"2020-11-06T18:38:34","slug":"mida-kogume","status":"publish","type":"page","link":"https:\/\/tervisemuuseum.ee\/ru\/naitused\/meie-kogud\/mida-kogume\/","title":{"rendered":"\u0416\u0435\u043b\u0430\u043d\u043d\u044b\u0435 \u043f\u043e\u0436\u0435\u0440\u0442\u0432\u043e\u0432\u0430\u043d\u0438\u044f"},"content":{"rendered":"","protected":false},"excerpt":{"rendered":"","protected":false},"author":1,"featured_media":0,"parent":1926,"menu_order":3,"comment_status":"closed","ping_status":"closed","template":"","meta":{"_acf_changed":false,"footnotes":""},"class_list":["post-1932","page","type-page","status-publish","hentry"],"acf":[],"yoast_head":"<!-- This site is optimized with the Yoast SEO plugin v27.3 - https:\/\/yoast.com\/product\/yoast-seo-wordpress\/ -->\n<title>\u0416\u0435\u043b\u0430\u043d\u043d\u044b\u0435 \u043f\u043e\u0436\u0435\u0440\u0442\u0432\u043e\u0432\u0430\u043d\u0438\u044f - Eesti Tervisemuuseum<\/title>\n<meta name=\"robots\" content=\"index, follow, max-snippet:-1, max-image-preview:large, max-video-preview:-1\" \/>\n<link rel=\"canonical\" href=\"https:\/\/tervisemuuseum.ee\/ru\/naitused\/meie-kogud\/mida-kogume\/\" \/>\n<meta property=\"og:locale\" content=\"ru_RU\" \/>\n<meta property=\"og:type\" content=\"article\" \/>\n<meta property=\"og:title\" content=\"\u0416\u0435\u043b\u0430\u043d\u043d\u044b\u0435 \u043f\u043e\u0436\u0435\u0440\u0442\u0432\u043e\u0432\u0430\u043d\u0438\u044f - Eesti Tervisemuuseum\" \/>\n<meta property=\"og:url\" content=\"https:\/\/tervisemuuseum.ee\/ru\/naitused\/meie-kogud\/mida-kogume\/\" \/>\n<meta property=\"og:site_name\" content=\"Eesti Tervisemuuseum\" \/>\n<meta property=\"article:modified_time\" content=\"2020-11-06T18:38:34+00:00\" \/>\n<meta name=\"twitter:card\" content=\"summary_large_image\" \/>\n<script type=\"application\/ld+json\" class=\"yoast-schema-graph\">{\"@context\":\"https:\\\/\\\/schema.org\",\"@graph\":[{\"@type\":\"WebPage\",\"@id\":\"https:\\\/\\\/tervisemuuseum.ee\\\/ru\\\/naitused\\\/meie-kogud\\\/mida-kogume\\\/\",\"url\":\"https:\\\/\\\/tervisemuuseum.ee\\\/ru\\\/naitused\\\/meie-kogud\\\/mida-kogume\\\/\",\"name\":\"\u0416\u0435\u043b\u0430\u043d\u043d\u044b\u0435 \u043f\u043e\u0436\u0435\u0440\u0442\u0432\u043e\u0432\u0430\u043d\u0438\u044f - Eesti Tervisemuuseum\",\"isPartOf\":{\"@id\":\"https:\\\/\\\/tervisemuuseum.ee\\\/ru\\\/#website\"},\"datePublished\":\"2020-05-22T15:04:55+00:00\",\"dateModified\":\"2020-11-06T18:38:34+00:00\",\"breadcrumb\":{\"@id\":\"https:\\\/\\\/tervisemuuseum.ee\\\/ru\\\/naitused\\\/meie-kogud\\\/mida-kogume\\\/#breadcrumb\"},\"inLanguage\":\"ru-RU\",\"potentialAction\":[{\"@type\":\"ReadAction\",\"target\":[\"https:\\\/\\\/tervisemuuseum.ee\\\/ru\\\/naitused\\\/meie-kogud\\\/mida-kogume\\\/\"]}]},{\"@type\":\"BreadcrumbList\",\"@id\":\"https:\\\/\\\/tervisemuuseum.ee\\\/ru\\\/naitused\\\/meie-kogud\\\/mida-kogume\\\/#breadcrumb\",\"itemListElement\":[{\"@type\":\"ListItem\",\"position\":1,\"name\":\"Home\",\"item\":\"https:\\\/\\\/tervisemuuseum.ee\\\/ru\\\/\"},{\"@type\":\"ListItem\",\"position\":2,\"name\":\"\u0412\u044b\u0441\u0442\u0430\u0432\u043a\u0438 \u0438 \u043a\u043e\u043b\u043b\u0435\u043a\u0446\u0438\u0438\",\"item\":\"https:\\\/\\\/tervisemuuseum.ee\\\/ru\\\/naitused\\\/\"},{\"@type\":\"ListItem\",\"position\":3,\"name\":\"\u041d\u0430\u0448\u0438 \u043a\u043e\u043b\u043b\u0435\u043a\u0446\u0438\u0438\",\"item\":\"https:\\\/\\\/tervisemuuseum.ee\\\/ru\\\/naitused\\\/meie-kogud\\\/\"},{\"@type\":\"ListItem\",\"position\":4,\"name\":\"\u0416\u0435\u043b\u0430\u043d\u043d\u044b\u0435 \u043f\u043e\u0436\u0435\u0440\u0442\u0432\u043e\u0432\u0430\u043d\u0438\u044f\"}]},{\"@type\":\"WebSite\",\"@id\":\"https:\\\/\\\/tervisemuuseum.ee\\\/ru\\\/#website\",\"url\":\"https:\\\/\\\/tervisemuuseum.ee\\\/ru\\\/\",\"name\":\"Eesti Tervisemuuseum\",\"description\":\"Eesti Tervisemuuseum Tallinna vanalinnas aitab suurel ja v\u00e4ikesel k\u00fclastajal tundma \u00f5ppida oma keha ja selle toimimist ning seel\u00e4bi p\u00fcsida tervema, r\u00f5\u00f5msama ja \u00f5nnelikumana.\",\"potentialAction\":[{\"@type\":\"SearchAction\",\"target\":{\"@type\":\"EntryPoint\",\"urlTemplate\":\"https:\\\/\\\/tervisemuuseum.ee\\\/ru\\\/?s={search_term_string}\"},\"query-input\":{\"@type\":\"PropertyValueSpecification\",\"valueRequired\":true,\"valueName\":\"search_term_string\"}}],\"inLanguage\":\"ru-RU\"}]}<\/script>\n<!-- \/ Yoast SEO plugin. -->","yoast_head_json":{"title":"\u0416\u0435\u043b\u0430\u043d\u043d\u044b\u0435 \u043f\u043e\u0436\u0435\u0440\u0442\u0432\u043e\u0432\u0430\u043d\u0438\u044f - Eesti Tervisemuuseum","robots":{"index":"index","follow":"follow","max-snippet":"max-snippet:-1","max-image-preview":"max-image-preview:large","max-video-preview":"max-video-preview:-1"},"canonical":"https:\/\/tervisemuuseum.ee\/ru\/naitused\/meie-kogud\/mida-kogume\/","og_locale":"ru_RU","og_type":"article","og_title":"\u0416\u0435\u043b\u0430\u043d\u043d\u044b\u0435 \u043f\u043e\u0436\u0435\u0440\u0442\u0432\u043e\u0432\u0430\u043d\u0438\u044f - Eesti Tervisemuuseum","og_url":"https:\/\/tervisemuuseum.ee\/ru\/naitused\/meie-kogud\/mida-kogume\/","og_site_name":"Eesti Tervisemuuseum","article_modified_time":"2020-11-06T18:38:34+00:00","twitter_card":"summary_large_image","schema":{"@context":"https:\/\/schema.org","@graph":[{"@type":"WebPage","@id":"https:\/\/tervisemuuseum.ee\/ru\/naitused\/meie-kogud\/mida-kogume\/","url":"https:\/\/tervisemuuseum.ee\/ru\/naitused\/meie-kogud\/mida-kogume\/","name":"\u0416\u0435\u043b\u0430\u043d\u043d\u044b\u0435 \u043f\u043e\u0436\u0435\u0440\u0442\u0432\u043e\u0432\u0430\u043d\u0438\u044f - Eesti Tervisemuuseum","isPartOf":{"@id":"https:\/\/tervisemuuseum.ee\/ru\/#website"},"datePublished":"2020-05-22T15:04:55+00:00","dateModified":"2020-11-06T18:38:34+00:00","breadcrumb":{"@id":"https:\/\/tervisemuuseum.ee\/ru\/naitused\/meie-kogud\/mida-kogume\/#breadcrumb"},"inLanguage":"ru-RU","potentialAction":[{"@type":"ReadAction","target":["https:\/\/tervisemuuseum.ee\/ru\/naitused\/meie-kogud\/mida-kogume\/"]}]},{"@type":"BreadcrumbList","@id":"https:\/\/tervisemuuseum.ee\/ru\/naitused\/meie-kogud\/mida-kogume\/#breadcrumb","itemListElement":[{"@type":"ListItem","position":1,"name":"Home","item":"https:\/\/tervisemuuseum.ee\/ru\/"},{"@type":"ListItem","position":2,"name":"\u0412\u044b\u0441\u0442\u0430\u0432\u043a\u0438 \u0438 \u043a\u043e\u043b\u043b\u0435\u043a\u0446\u0438\u0438","item":"https:\/\/tervisemuuseum.ee\/ru\/naitused\/"},{"@type":"ListItem","position":3,"name":"\u041d\u0430\u0448\u0438 \u043a\u043e\u043b\u043b\u0435\u043a\u0446\u0438\u0438","item":"https:\/\/tervisemuuseum.ee\/ru\/naitused\/meie-kogud\/"},{"@type":"ListItem","position":4,"name":"\u0416\u0435\u043b\u0430\u043d\u043d\u044b\u0435 \u043f\u043e\u0436\u0435\u0440\u0442\u0432\u043e\u0432\u0430\u043d\u0438\u044f"}]},{"@type":"WebSite","@id":"https:\/\/tervisemuuseum.ee\/ru\/#website","url":"https:\/\/tervisemuuseum.ee\/ru\/","name":"Eesti Tervisemuuseum","description":"Eesti Tervisemuuseum Tallinna vanalinnas aitab suurel ja v\u00e4ikesel k\u00fclastajal tundma \u00f5ppida oma keha ja selle toimimist ning seel\u00e4bi p\u00fcsida tervema, r\u00f5\u00f5msama ja \u00f5nnelikumana.","potentialAction":[{"@type":"SearchAction","target":{"@type":"EntryPoint","urlTemplate":"https:\/\/tervisemuuseum.ee\/ru\/?s={search_term_string}"},"query-input":{"@type":"PropertyValueSpecification","valueRequired":true,"valueName":"search_term_string"}}],"inLanguage":"ru-RU"}]}},"_links":{"self":[{"href":"https:\/\/tervisemuuseum.ee\/ru\/wp-json\/wp\/v2\/pages\/1932","targetHints":{"allow":["GET"]}}],"collection":[{"href":"https:\/\/tervisemuuseum.ee\/ru\/wp-json\/wp\/v2\/pages"}],"about":[{"href":"https:\/\/tervisemuuseum.ee\/ru\/wp-json\/wp\/v2\/types\/page"}],"author":[{"embeddable":true,"href":"https:\/\/tervisemuuseum.ee\/ru\/wp-json\/wp\/v2\/users\/1"}],"replies":[{"embeddable":true,"href":"https:\/\/tervisemuuseum.ee\/ru\/wp-json\/wp\/v2\/comments?post=1932"}],"version-history":[{"count":3,"href":"https:\/\/tervisemuuseum.ee\/ru\/wp-json\/wp\/v2\/pages\/1932\/revisions"}],"predecessor-version":[{"id":2252,"href":"https:\/\/tervisemuuseum.ee\/ru\/wp-json\/wp\/v2\/pages\/1932\/revisions\/2252"}],"up":[{"embeddable":true,"href":"https:\/\/tervisemuuseum.ee\/ru\/wp-json\/wp\/v2\/pages\/1926"}],"wp:attachment":[{"href":"https:\/\/tervisemuuseum.ee\/ru\/wp-json\/wp\/v2\/media?parent=1932"}],"curies":[{"name":"wp","href":"https:\/\/api.w.org\/{rel}","templated":true}]}}