{"id":2108,"date":"2020-11-05T12:02:38","date_gmt":"2020-11-05T10:02:38","guid":{"rendered":"https:\/\/tervisemuuseum.ee\/naitused\/pusinaitus\/3-korrus\/"},"modified":"2025-10-08T15:55:09","modified_gmt":"2025-10-08T12:55:09","slug":"3-korrus","status":"publish","type":"page","link":"https:\/\/tervisemuuseum.ee\/ru\/naitused\/pusinaitus\/3-korrus\/","title":{"rendered":"\u0422\u0440\u0435\u0442\u0438\u0439 \u044d\u0442\u0430\u0436"},"content":{"rendered":"","protected":false},"excerpt":{"rendered":"","protected":false},"author":3,"featured_media":0,"parent":1434,"menu_order":2,"comment_status":"closed","ping_status":"closed","template":"","meta":{"_acf_changed":false,"footnotes":""},"class_list":["post-2108","page","type-page","status-publish","hentry"],"acf":[],"yoast_head":"<!-- This site is optimized with the Yoast SEO plugin v27.4 - https:\/\/yoast.com\/product\/yoast-seo-wordpress\/ -->\n<title>\u0422\u0440\u0435\u0442\u0438\u0439 \u044d\u0442\u0430\u0436 - Eesti Tervisemuuseum<\/title>\n<meta name=\"robots\" content=\"index, follow, max-snippet:-1, max-image-preview:large, max-video-preview:-1\" \/>\n<link rel=\"canonical\" href=\"https:\/\/tervisemuuseum.ee\/ru\/naitused\/pusinaitus\/3-korrus\/\" \/>\n<meta property=\"og:locale\" content=\"ru_RU\" \/>\n<meta property=\"og:type\" content=\"article\" \/>\n<meta property=\"og:title\" content=\"\u0422\u0440\u0435\u0442\u0438\u0439 \u044d\u0442\u0430\u0436 - Eesti Tervisemuuseum\" \/>\n<meta property=\"og:url\" content=\"https:\/\/tervisemuuseum.ee\/ru\/naitused\/pusinaitus\/3-korrus\/\" \/>\n<meta property=\"og:site_name\" content=\"Eesti Tervisemuuseum\" \/>\n<meta property=\"article:modified_time\" content=\"2025-10-08T12:55:09+00:00\" \/>\n<meta name=\"twitter:card\" content=\"summary_large_image\" \/>\n<meta name=\"twitter:label1\" content=\"\u041f\u0440\u0438\u043c\u0435\u0440\u043d\u043e\u0435 \u0432\u0440\u0435\u043c\u044f \u0434\u043b\u044f \u0447\u0442\u0435\u043d\u0438\u044f\" \/>\n\t<meta name=\"twitter:data1\" content=\"5 \u043c\u0438\u043d\u0443\u0442\" \/>\n<script type=\"application\/ld+json\" class=\"yoast-schema-graph\">{\"@context\":\"https:\\\/\\\/schema.org\",\"@graph\":[{\"@type\":\"WebPage\",\"@id\":\"https:\\\/\\\/tervisemuuseum.ee\\\/ru\\\/naitused\\\/pusinaitus\\\/3-korrus\\\/\",\"url\":\"https:\\\/\\\/tervisemuuseum.ee\\\/ru\\\/naitused\\\/pusinaitus\\\/3-korrus\\\/\",\"name\":\"\u0422\u0440\u0435\u0442\u0438\u0439 \u044d\u0442\u0430\u0436 - Eesti Tervisemuuseum\",\"isPartOf\":{\"@id\":\"https:\\\/\\\/tervisemuuseum.ee\\\/ru\\\/#website\"},\"datePublished\":\"2020-11-05T10:02:38+00:00\",\"dateModified\":\"2025-10-08T12:55:09+00:00\",\"breadcrumb\":{\"@id\":\"https:\\\/\\\/tervisemuuseum.ee\\\/ru\\\/naitused\\\/pusinaitus\\\/3-korrus\\\/#breadcrumb\"},\"inLanguage\":\"ru-RU\",\"potentialAction\":[{\"@type\":\"ReadAction\",\"target\":[\"https:\\\/\\\/tervisemuuseum.ee\\\/ru\\\/naitused\\\/pusinaitus\\\/3-korrus\\\/\"]}]},{\"@type\":\"BreadcrumbList\",\"@id\":\"https:\\\/\\\/tervisemuuseum.ee\\\/ru\\\/naitused\\\/pusinaitus\\\/3-korrus\\\/#breadcrumb\",\"itemListElement\":[{\"@type\":\"ListItem\",\"position\":1,\"name\":\"Home\",\"item\":\"https:\\\/\\\/tervisemuuseum.ee\\\/ru\\\/\"},{\"@type\":\"ListItem\",\"position\":2,\"name\":\"\u0412\u044b\u0441\u0442\u0430\u0432\u043a\u0438 \u0438 \u043a\u043e\u043b\u043b\u0435\u043a\u0446\u0438\u0438\",\"item\":\"https:\\\/\\\/tervisemuuseum.ee\\\/ru\\\/naitused\\\/\"},{\"@type\":\"ListItem\",\"position\":3,\"name\":\"\u041f\u043e\u0441\u0442\u043e\u044f\u043d\u043d\u0430\u044f \u0432\u044b\u0441\u0442\u0430\u0432\u043a\u0430\",\"item\":\"https:\\\/\\\/tervisemuuseum.ee\\\/ru\\\/naitused\\\/pusinaitus\\\/\"},{\"@type\":\"ListItem\",\"position\":4,\"name\":\"\u0422\u0440\u0435\u0442\u0438\u0439 \u044d\u0442\u0430\u0436\"}]},{\"@type\":\"WebSite\",\"@id\":\"https:\\\/\\\/tervisemuuseum.ee\\\/ru\\\/#website\",\"url\":\"https:\\\/\\\/tervisemuuseum.ee\\\/ru\\\/\",\"name\":\"Eesti Tervisemuuseum\",\"description\":\"Eesti Tervisemuuseum Tallinna vanalinnas aitab suurel ja v\u00e4ikesel k\u00fclastajal tundma \u00f5ppida oma keha ja selle toimimist ning seel\u00e4bi p\u00fcsida tervema, r\u00f5\u00f5msama ja \u00f5nnelikumana.\",\"potentialAction\":[{\"@type\":\"SearchAction\",\"target\":{\"@type\":\"EntryPoint\",\"urlTemplate\":\"https:\\\/\\\/tervisemuuseum.ee\\\/ru\\\/?s={search_term_string}\"},\"query-input\":{\"@type\":\"PropertyValueSpecification\",\"valueRequired\":true,\"valueName\":\"search_term_string\"}}],\"inLanguage\":\"ru-RU\"}]}<\/script>\n<!-- \/ Yoast SEO plugin. -->","yoast_head_json":{"title":"\u0422\u0440\u0435\u0442\u0438\u0439 \u044d\u0442\u0430\u0436 - Eesti Tervisemuuseum","robots":{"index":"index","follow":"follow","max-snippet":"max-snippet:-1","max-image-preview":"max-image-preview:large","max-video-preview":"max-video-preview:-1"},"canonical":"https:\/\/tervisemuuseum.ee\/ru\/naitused\/pusinaitus\/3-korrus\/","og_locale":"ru_RU","og_type":"article","og_title":"\u0422\u0440\u0435\u0442\u0438\u0439 \u044d\u0442\u0430\u0436 - Eesti Tervisemuuseum","og_url":"https:\/\/tervisemuuseum.ee\/ru\/naitused\/pusinaitus\/3-korrus\/","og_site_name":"Eesti Tervisemuuseum","article_modified_time":"2025-10-08T12:55:09+00:00","twitter_card":"summary_large_image","twitter_misc":{"\u041f\u0440\u0438\u043c\u0435\u0440\u043d\u043e\u0435 \u0432\u0440\u0435\u043c\u044f \u0434\u043b\u044f \u0447\u0442\u0435\u043d\u0438\u044f":"5 \u043c\u0438\u043d\u0443\u0442"},"schema":{"@context":"https:\/\/schema.org","@graph":[{"@type":"WebPage","@id":"https:\/\/tervisemuuseum.ee\/ru\/naitused\/pusinaitus\/3-korrus\/","url":"https:\/\/tervisemuuseum.ee\/ru\/naitused\/pusinaitus\/3-korrus\/","name":"\u0422\u0440\u0435\u0442\u0438\u0439 \u044d\u0442\u0430\u0436 - Eesti Tervisemuuseum","isPartOf":{"@id":"https:\/\/tervisemuuseum.ee\/ru\/#website"},"datePublished":"2020-11-05T10:02:38+00:00","dateModified":"2025-10-08T12:55:09+00:00","breadcrumb":{"@id":"https:\/\/tervisemuuseum.ee\/ru\/naitused\/pusinaitus\/3-korrus\/#breadcrumb"},"inLanguage":"ru-RU","potentialAction":[{"@type":"ReadAction","target":["https:\/\/tervisemuuseum.ee\/ru\/naitused\/pusinaitus\/3-korrus\/"]}]},{"@type":"BreadcrumbList","@id":"https:\/\/tervisemuuseum.ee\/ru\/naitused\/pusinaitus\/3-korrus\/#breadcrumb","itemListElement":[{"@type":"ListItem","position":1,"name":"Home","item":"https:\/\/tervisemuuseum.ee\/ru\/"},{"@type":"ListItem","position":2,"name":"\u0412\u044b\u0441\u0442\u0430\u0432\u043a\u0438 \u0438 \u043a\u043e\u043b\u043b\u0435\u043a\u0446\u0438\u0438","item":"https:\/\/tervisemuuseum.ee\/ru\/naitused\/"},{"@type":"ListItem","position":3,"name":"\u041f\u043e\u0441\u0442\u043e\u044f\u043d\u043d\u0430\u044f \u0432\u044b\u0441\u0442\u0430\u0432\u043a\u0430","item":"https:\/\/tervisemuuseum.ee\/ru\/naitused\/pusinaitus\/"},{"@type":"ListItem","position":4,"name":"\u0422\u0440\u0435\u0442\u0438\u0439 \u044d\u0442\u0430\u0436"}]},{"@type":"WebSite","@id":"https:\/\/tervisemuuseum.ee\/ru\/#website","url":"https:\/\/tervisemuuseum.ee\/ru\/","name":"Eesti Tervisemuuseum","description":"Eesti Tervisemuuseum Tallinna vanalinnas aitab suurel ja v\u00e4ikesel k\u00fclastajal tundma \u00f5ppida oma keha ja selle toimimist ning seel\u00e4bi p\u00fcsida tervema, r\u00f5\u00f5msama ja \u00f5nnelikumana.","potentialAction":[{"@type":"SearchAction","target":{"@type":"EntryPoint","urlTemplate":"https:\/\/tervisemuuseum.ee\/ru\/?s={search_term_string}"},"query-input":{"@type":"PropertyValueSpecification","valueRequired":true,"valueName":"search_term_string"}}],"inLanguage":"ru-RU"}]}},"_links":{"self":[{"href":"https:\/\/tervisemuuseum.ee\/ru\/wp-json\/wp\/v2\/pages\/2108","targetHints":{"allow":["GET"]}}],"collection":[{"href":"https:\/\/tervisemuuseum.ee\/ru\/wp-json\/wp\/v2\/pages"}],"about":[{"href":"https:\/\/tervisemuuseum.ee\/ru\/wp-json\/wp\/v2\/types\/page"}],"author":[{"embeddable":true,"href":"https:\/\/tervisemuuseum.ee\/ru\/wp-json\/wp\/v2\/users\/3"}],"replies":[{"embeddable":true,"href":"https:\/\/tervisemuuseum.ee\/ru\/wp-json\/wp\/v2\/comments?post=2108"}],"version-history":[{"count":5,"href":"https:\/\/tervisemuuseum.ee\/ru\/wp-json\/wp\/v2\/pages\/2108\/revisions"}],"predecessor-version":[{"id":119102,"href":"https:\/\/tervisemuuseum.ee\/ru\/wp-json\/wp\/v2\/pages\/2108\/revisions\/119102"}],"up":[{"embeddable":true,"href":"https:\/\/tervisemuuseum.ee\/ru\/wp-json\/wp\/v2\/pages\/1434"}],"wp:attachment":[{"href":"https:\/\/tervisemuuseum.ee\/ru\/wp-json\/wp\/v2\/media?parent=2108"}],"curies":[{"name":"wp","href":"https:\/\/api.w.org\/{rel}","templated":true}]}}