{"id":3922,"date":"2021-06-10T16:19:15","date_gmt":"2021-06-10T13:19:15","guid":{"rendered":"https:\/\/tervisemuuseum.ee\/?page_id=3922"},"modified":"2022-02-01T16:10:45","modified_gmt":"2022-02-01T14:10:45","slug":"9-%d0%b8%d0%bd%d1%82%d0%b5%d1%80%d0%b5%d1%81%d0%bd%d1%8b%d1%85-%d1%84%d0%b0%d0%ba%d1%82%d0%be%d0%b2","status":"publish","type":"page","link":"https:\/\/tervisemuuseum.ee\/ru\/meist\/9-%d0%b8%d0%bd%d1%82%d0%b5%d1%80%d0%b5%d1%81%d0%bd%d1%8b%d1%85-%d1%84%d0%b0%d0%ba%d1%82%d0%be%d0%b2\/","title":{"rendered":"9 \u0438\u043d\u0442\u0435\u0440\u0435\u0441\u043d\u044b\u0445 \u0444\u0430\u043a\u0442\u043e\u0432"},"content":{"rendered":"","protected":false},"excerpt":{"rendered":"","protected":false},"author":3,"featured_media":0,"parent":1468,"menu_order":8,"comment_status":"closed","ping_status":"closed","template":"","meta":{"_acf_changed":false,"footnotes":""},"class_list":["post-3922","page","type-page","status-publish","hentry"],"acf":[],"yoast_head":"<!-- This site is optimized with the Yoast SEO plugin v27.4 - https:\/\/yoast.com\/product\/yoast-seo-wordpress\/ -->\n<title>9 \u0438\u043d\u0442\u0435\u0440\u0435\u0441\u043d\u044b\u0445 \u0444\u0430\u043a\u0442\u043e\u0432 - Eesti Tervisemuuseum<\/title>\n<meta name=\"robots\" content=\"index, follow, max-snippet:-1, max-image-preview:large, max-video-preview:-1\" \/>\n<link rel=\"canonical\" href=\"https:\/\/tervisemuuseum.ee\/ru\/meist\/9-%d0%b8%d0%bd%d1%82%d0%b5%d1%80%d0%b5%d1%81%d0%bd%d1%8b%d1%85-%d1%84%d0%b0%d0%ba%d1%82%d0%be%d0%b2\/\" \/>\n<meta property=\"og:locale\" content=\"ru_RU\" \/>\n<meta property=\"og:type\" content=\"article\" \/>\n<meta property=\"og:title\" content=\"9 \u0438\u043d\u0442\u0435\u0440\u0435\u0441\u043d\u044b\u0445 \u0444\u0430\u043a\u0442\u043e\u0432 - Eesti Tervisemuuseum\" \/>\n<meta property=\"og:url\" content=\"https:\/\/tervisemuuseum.ee\/ru\/meist\/9-%d0%b8%d0%bd%d1%82%d0%b5%d1%80%d0%b5%d1%81%d0%bd%d1%8b%d1%85-%d1%84%d0%b0%d0%ba%d1%82%d0%be%d0%b2\/\" \/>\n<meta property=\"og:site_name\" content=\"Eesti Tervisemuuseum\" \/>\n<meta property=\"article:modified_time\" content=\"2022-02-01T14:10:45+00:00\" \/>\n<meta name=\"twitter:card\" content=\"summary_large_image\" \/>\n<script type=\"application\/ld+json\" class=\"yoast-schema-graph\">{\"@context\":\"https:\\\/\\\/schema.org\",\"@graph\":[{\"@type\":\"WebPage\",\"@id\":\"https:\\\/\\\/tervisemuuseum.ee\\\/ru\\\/meist\\\/9-%d0%b8%d0%bd%d1%82%d0%b5%d1%80%d0%b5%d1%81%d0%bd%d1%8b%d1%85-%d1%84%d0%b0%d0%ba%d1%82%d0%be%d0%b2\\\/\",\"url\":\"https:\\\/\\\/tervisemuuseum.ee\\\/ru\\\/meist\\\/9-%d0%b8%d0%bd%d1%82%d0%b5%d1%80%d0%b5%d1%81%d0%bd%d1%8b%d1%85-%d1%84%d0%b0%d0%ba%d1%82%d0%be%d0%b2\\\/\",\"name\":\"9 \u0438\u043d\u0442\u0435\u0440\u0435\u0441\u043d\u044b\u0445 \u0444\u0430\u043a\u0442\u043e\u0432 - Eesti Tervisemuuseum\",\"isPartOf\":{\"@id\":\"https:\\\/\\\/tervisemuuseum.ee\\\/ru\\\/#website\"},\"datePublished\":\"2021-06-10T13:19:15+00:00\",\"dateModified\":\"2022-02-01T14:10:45+00:00\",\"breadcrumb\":{\"@id\":\"https:\\\/\\\/tervisemuuseum.ee\\\/ru\\\/meist\\\/9-%d0%b8%d0%bd%d1%82%d0%b5%d1%80%d0%b5%d1%81%d0%bd%d1%8b%d1%85-%d1%84%d0%b0%d0%ba%d1%82%d0%be%d0%b2\\\/#breadcrumb\"},\"inLanguage\":\"ru-RU\",\"potentialAction\":[{\"@type\":\"ReadAction\",\"target\":[\"https:\\\/\\\/tervisemuuseum.ee\\\/ru\\\/meist\\\/9-%d0%b8%d0%bd%d1%82%d0%b5%d1%80%d0%b5%d1%81%d0%bd%d1%8b%d1%85-%d1%84%d0%b0%d0%ba%d1%82%d0%be%d0%b2\\\/\"]}]},{\"@type\":\"BreadcrumbList\",\"@id\":\"https:\\\/\\\/tervisemuuseum.ee\\\/ru\\\/meist\\\/9-%d0%b8%d0%bd%d1%82%d0%b5%d1%80%d0%b5%d1%81%d0%bd%d1%8b%d1%85-%d1%84%d0%b0%d0%ba%d1%82%d0%be%d0%b2\\\/#breadcrumb\",\"itemListElement\":[{\"@type\":\"ListItem\",\"position\":1,\"name\":\"Home\",\"item\":\"https:\\\/\\\/tervisemuuseum.ee\\\/ru\\\/\"},{\"@type\":\"ListItem\",\"position\":2,\"name\":\"\u041e \u043d\u0430\u0441\",\"item\":\"https:\\\/\\\/tervisemuuseum.ee\\\/ru\\\/meist\\\/\"},{\"@type\":\"ListItem\",\"position\":3,\"name\":\"9 \u0438\u043d\u0442\u0435\u0440\u0435\u0441\u043d\u044b\u0445 \u0444\u0430\u043a\u0442\u043e\u0432\"}]},{\"@type\":\"WebSite\",\"@id\":\"https:\\\/\\\/tervisemuuseum.ee\\\/ru\\\/#website\",\"url\":\"https:\\\/\\\/tervisemuuseum.ee\\\/ru\\\/\",\"name\":\"Eesti Tervisemuuseum\",\"description\":\"Eesti Tervisemuuseum Tallinna vanalinnas aitab suurel ja v\u00e4ikesel k\u00fclastajal tundma \u00f5ppida oma keha ja selle toimimist ning seel\u00e4bi p\u00fcsida tervema, r\u00f5\u00f5msama ja \u00f5nnelikumana.\",\"potentialAction\":[{\"@type\":\"SearchAction\",\"target\":{\"@type\":\"EntryPoint\",\"urlTemplate\":\"https:\\\/\\\/tervisemuuseum.ee\\\/ru\\\/?s={search_term_string}\"},\"query-input\":{\"@type\":\"PropertyValueSpecification\",\"valueRequired\":true,\"valueName\":\"search_term_string\"}}],\"inLanguage\":\"ru-RU\"}]}<\/script>\n<!-- \/ Yoast SEO plugin. -->","yoast_head_json":{"title":"9 \u0438\u043d\u0442\u0435\u0440\u0435\u0441\u043d\u044b\u0445 \u0444\u0430\u043a\u0442\u043e\u0432 - Eesti Tervisemuuseum","robots":{"index":"index","follow":"follow","max-snippet":"max-snippet:-1","max-image-preview":"max-image-preview:large","max-video-preview":"max-video-preview:-1"},"canonical":"https:\/\/tervisemuuseum.ee\/ru\/meist\/9-%d0%b8%d0%bd%d1%82%d0%b5%d1%80%d0%b5%d1%81%d0%bd%d1%8b%d1%85-%d1%84%d0%b0%d0%ba%d1%82%d0%be%d0%b2\/","og_locale":"ru_RU","og_type":"article","og_title":"9 \u0438\u043d\u0442\u0435\u0440\u0435\u0441\u043d\u044b\u0445 \u0444\u0430\u043a\u0442\u043e\u0432 - Eesti Tervisemuuseum","og_url":"https:\/\/tervisemuuseum.ee\/ru\/meist\/9-%d0%b8%d0%bd%d1%82%d0%b5%d1%80%d0%b5%d1%81%d0%bd%d1%8b%d1%85-%d1%84%d0%b0%d0%ba%d1%82%d0%be%d0%b2\/","og_site_name":"Eesti Tervisemuuseum","article_modified_time":"2022-02-01T14:10:45+00:00","twitter_card":"summary_large_image","schema":{"@context":"https:\/\/schema.org","@graph":[{"@type":"WebPage","@id":"https:\/\/tervisemuuseum.ee\/ru\/meist\/9-%d0%b8%d0%bd%d1%82%d0%b5%d1%80%d0%b5%d1%81%d0%bd%d1%8b%d1%85-%d1%84%d0%b0%d0%ba%d1%82%d0%be%d0%b2\/","url":"https:\/\/tervisemuuseum.ee\/ru\/meist\/9-%d0%b8%d0%bd%d1%82%d0%b5%d1%80%d0%b5%d1%81%d0%bd%d1%8b%d1%85-%d1%84%d0%b0%d0%ba%d1%82%d0%be%d0%b2\/","name":"9 \u0438\u043d\u0442\u0435\u0440\u0435\u0441\u043d\u044b\u0445 \u0444\u0430\u043a\u0442\u043e\u0432 - Eesti Tervisemuuseum","isPartOf":{"@id":"https:\/\/tervisemuuseum.ee\/ru\/#website"},"datePublished":"2021-06-10T13:19:15+00:00","dateModified":"2022-02-01T14:10:45+00:00","breadcrumb":{"@id":"https:\/\/tervisemuuseum.ee\/ru\/meist\/9-%d0%b8%d0%bd%d1%82%d0%b5%d1%80%d0%b5%d1%81%d0%bd%d1%8b%d1%85-%d1%84%d0%b0%d0%ba%d1%82%d0%be%d0%b2\/#breadcrumb"},"inLanguage":"ru-RU","potentialAction":[{"@type":"ReadAction","target":["https:\/\/tervisemuuseum.ee\/ru\/meist\/9-%d0%b8%d0%bd%d1%82%d0%b5%d1%80%d0%b5%d1%81%d0%bd%d1%8b%d1%85-%d1%84%d0%b0%d0%ba%d1%82%d0%be%d0%b2\/"]}]},{"@type":"BreadcrumbList","@id":"https:\/\/tervisemuuseum.ee\/ru\/meist\/9-%d0%b8%d0%bd%d1%82%d0%b5%d1%80%d0%b5%d1%81%d0%bd%d1%8b%d1%85-%d1%84%d0%b0%d0%ba%d1%82%d0%be%d0%b2\/#breadcrumb","itemListElement":[{"@type":"ListItem","position":1,"name":"Home","item":"https:\/\/tervisemuuseum.ee\/ru\/"},{"@type":"ListItem","position":2,"name":"\u041e \u043d\u0430\u0441","item":"https:\/\/tervisemuuseum.ee\/ru\/meist\/"},{"@type":"ListItem","position":3,"name":"9 \u0438\u043d\u0442\u0435\u0440\u0435\u0441\u043d\u044b\u0445 \u0444\u0430\u043a\u0442\u043e\u0432"}]},{"@type":"WebSite","@id":"https:\/\/tervisemuuseum.ee\/ru\/#website","url":"https:\/\/tervisemuuseum.ee\/ru\/","name":"Eesti Tervisemuuseum","description":"Eesti Tervisemuuseum Tallinna vanalinnas aitab suurel ja v\u00e4ikesel k\u00fclastajal tundma \u00f5ppida oma keha ja selle toimimist ning seel\u00e4bi p\u00fcsida tervema, r\u00f5\u00f5msama ja \u00f5nnelikumana.","potentialAction":[{"@type":"SearchAction","target":{"@type":"EntryPoint","urlTemplate":"https:\/\/tervisemuuseum.ee\/ru\/?s={search_term_string}"},"query-input":{"@type":"PropertyValueSpecification","valueRequired":true,"valueName":"search_term_string"}}],"inLanguage":"ru-RU"}]}},"_links":{"self":[{"href":"https:\/\/tervisemuuseum.ee\/ru\/wp-json\/wp\/v2\/pages\/3922","targetHints":{"allow":["GET"]}}],"collection":[{"href":"https:\/\/tervisemuuseum.ee\/ru\/wp-json\/wp\/v2\/pages"}],"about":[{"href":"https:\/\/tervisemuuseum.ee\/ru\/wp-json\/wp\/v2\/types\/page"}],"author":[{"embeddable":true,"href":"https:\/\/tervisemuuseum.ee\/ru\/wp-json\/wp\/v2\/users\/3"}],"replies":[{"embeddable":true,"href":"https:\/\/tervisemuuseum.ee\/ru\/wp-json\/wp\/v2\/comments?post=3922"}],"version-history":[{"count":6,"href":"https:\/\/tervisemuuseum.ee\/ru\/wp-json\/wp\/v2\/pages\/3922\/revisions"}],"predecessor-version":[{"id":5978,"href":"https:\/\/tervisemuuseum.ee\/ru\/wp-json\/wp\/v2\/pages\/3922\/revisions\/5978"}],"up":[{"embeddable":true,"href":"https:\/\/tervisemuuseum.ee\/ru\/wp-json\/wp\/v2\/pages\/1468"}],"wp:attachment":[{"href":"https:\/\/tervisemuuseum.ee\/ru\/wp-json\/wp\/v2\/media?parent=3922"}],"curies":[{"name":"wp","href":"https:\/\/api.w.org\/{rel}","templated":true}]}}